{"id":797,"date":"2019-11-17T07:07:00","date_gmt":"2019-11-17T07:07:00","guid":{"rendered":"http:\/\/pluginspoint.com\/chariton\/\/?page_id=797"},"modified":"2025-12-17T01:51:45","modified_gmt":"2025-12-17T00:51:45","slug":"a-propos","status":"publish","type":"page","link":"https:\/\/fondationdorcasdeborah.org\/index.php\/a-propos\/","title":{"rendered":"A propos"},"content":{"rendered":"\t\t<div data-elementor-type=\"wp-page\" data-elementor-id=\"797\" class=\"elementor elementor-797\" data-elementor-post-type=\"page\">\n\t\t\t\t\t\t<section class=\"elementor-section elementor-top-section elementor-element elementor-element-bb59d6e elementor-section-boxed elementor-section-height-default elementor-section-height-default\" data-id=\"bb59d6e\" data-element_type=\"section\">\n\t\t\t\t\t\t<div class=\"elementor-container elementor-column-gap-default\">\n\t\t\t\t\t<div class=\"elementor-column elementor-col-100 elementor-top-column elementor-element elementor-element-f69b58d\" data-id=\"f69b58d\" data-element_type=\"column\">\n\t\t\t<div class=\"elementor-widget-wrap elementor-element-populated\">\n\t\t\t\t\t\t<section class=\"elementor-section elementor-inner-section elementor-element elementor-element-dd37212 elementor-section-boxed elementor-section-height-default elementor-section-height-default\" data-id=\"dd37212\" data-element_type=\"section\">\n\t\t\t\t\t\t<div class=\"elementor-container elementor-column-gap-default\">\n\t\t\t\t\t<div class=\"elementor-column elementor-col-50 elementor-inner-column elementor-element elementor-element-c341234\" data-id=\"c341234\" data-element_type=\"column\">\n\t\t\t<div class=\"elementor-widget-wrap elementor-element-populated\">\n\t\t\t\t\t\t<div class=\"elementor-element elementor-element-71d6fdd elementor-widget elementor-widget-section-head\" data-id=\"71d6fdd\" data-element_type=\"widget\" data-widget_type=\"section-head.default\">\n\t\t\t\t<div class=\"elementor-widget-container\">\n\t\t\t\t\t\t        <div class=\"section-title t-section-title t-features-title text-left \" style=\"background-image: url();\">\r\n\t            \t\t        <span >ACTIVE DEPUIS + 10 ANS<\/span>\r\n\t\t        \t\t        <h2 >Pr\u00e9sentation de la fondation<\/h2>\r\n\t\t        \t        <\/div>\r\n\r\n\t    \t\t\t\t\t<\/div>\n\t\t\t\t<\/div>\n\t\t\t\t\t<\/div>\n\t\t<\/div>\n\t\t\t\t<div class=\"elementor-column elementor-col-50 elementor-inner-column elementor-element elementor-element-b91c1f4\" data-id=\"b91c1f4\" data-element_type=\"column\">\n\t\t\t<div class=\"elementor-widget-wrap\">\n\t\t\t\t\t\t\t<\/div>\n\t\t<\/div>\n\t\t\t\t\t<\/div>\n\t\t<\/section>\n\t\t\t\t<div class=\"elementor-element elementor-element-82465e4 elementor-widget elementor-widget-heading\" data-id=\"82465e4\" data-element_type=\"widget\" data-widget_type=\"heading.default\">\n\t\t\t\t\t<p class=\"elementor-heading-title elementor-size-default\">La fondation Dorcas Deborah (FDD) est une association de bienfaisance fond\u00e9e par Mademoiselle TAHO \u00c9lise en 2018. Elle est enregistr\u00e9e sous le num\u00e9ro 0773\/PA\/SG\/D2 en R\u00e9publique de C\u00f4te d'Ivoire.<\/p>\t\t\t\t<\/div>\n\t\t\t\t<div class=\"elementor-element elementor-element-995be58 elementor-widget elementor-widget-heading\" data-id=\"995be58\" data-element_type=\"widget\" data-widget_type=\"heading.default\">\n\t\t\t\t\t<p class=\"elementor-heading-title elementor-size-default\">La fondation a pour objet :\n<\/br> - La lutte contre la pauvret\u00e9,\n<\/br> - Am\u00e9lioration du cadre de vie et du bien \u00eatre,\n<\/br> - Sant\u00e9 et \u00e9ducation,\n<\/br> - Environnement\n<\/br> - Paix\n<\/br> - D\u00e9veloppement<\/p>\t\t\t\t<\/div>\n\t\t\t\t\t<\/div>\n\t\t<\/div>\n\t\t\t\t\t<\/div>\n\t\t<\/section>\n\t\t\t\t<section class=\"elementor-section elementor-top-section elementor-element elementor-element-ec3d61d elementor-section-boxed elementor-section-height-default elementor-section-height-default\" data-id=\"ec3d61d\" data-element_type=\"section\" data-settings=\"{&quot;background_background&quot;:&quot;classic&quot;}\">\n\t\t\t\t\t\t<div class=\"elementor-container elementor-column-gap-default\">\n\t\t\t\t\t<div class=\"elementor-column elementor-col-50 elementor-top-column elementor-element elementor-element-2a48dd9\" data-id=\"2a48dd9\" data-element_type=\"column\">\n\t\t\t<div class=\"elementor-widget-wrap elementor-element-populated\">\n\t\t\t\t\t\t<div class=\"elementor-element elementor-element-0a7c550 elementor-invisible elementor-widget elementor-widget-image\" data-id=\"0a7c550\" data-element_type=\"widget\" data-settings=\"{&quot;_animation&quot;:&quot;fadeInLeft&quot;}\" data-widget_type=\"image.default\">\n\t\t\t\t\t\t\t\t\t\t\t\t\t\t\t<img fetchpriority=\"high\" decoding=\"async\" width=\"370\" height=\"428\" src=\"https:\/\/fondationdorcasdeborah.org\/wp-content\/uploads\/2025\/12\/don-1.jpg\" class=\"attachment-large size-large wp-image-3099\" alt=\"\" srcset=\"https:\/\/fondationdorcasdeborah.org\/wp-content\/uploads\/2025\/12\/don-1.jpg 370w, https:\/\/fondationdorcasdeborah.org\/wp-content\/uploads\/2025\/12\/don-1-259x300.jpg 259w\" sizes=\"(max-width: 370px) 100vw, 370px\" \/>\t\t\t\t\t\t\t\t\t\t\t\t\t\t\t<\/div>\n\t\t\t\t<div class=\"elementor-element elementor-element-f76a181 elementor-invisible elementor-widget elementor-widget-image\" data-id=\"f76a181\" data-element_type=\"widget\" data-settings=\"{&quot;_animation&quot;:&quot;fadeInLeft&quot;}\" data-widget_type=\"image.default\">\n\t\t\t\t\t\t\t\t\t\t\t\t\t\t\t<img decoding=\"async\" width=\"370\" height=\"428\" src=\"https:\/\/fondationdorcasdeborah.org\/wp-content\/uploads\/2025\/12\/don-2.jpg\" class=\"attachment-large size-large wp-image-3100\" alt=\"\" srcset=\"https:\/\/fondationdorcasdeborah.org\/wp-content\/uploads\/2025\/12\/don-2.jpg 370w, https:\/\/fondationdorcasdeborah.org\/wp-content\/uploads\/2025\/12\/don-2-259x300.jpg 259w\" sizes=\"(max-width: 370px) 100vw, 370px\" \/>\t\t\t\t\t\t\t\t\t\t\t\t\t\t\t<\/div>\n\t\t\t\t\t<\/div>\n\t\t<\/div>\n\t\t\t\t<div class=\"elementor-column elementor-col-50 elementor-top-column elementor-element elementor-element-2cd7add\" data-id=\"2cd7add\" data-element_type=\"column\">\n\t\t\t<div class=\"elementor-widget-wrap elementor-element-populated\">\n\t\t\t\t\t\t<div class=\"elementor-element elementor-element-0ae8831 elementor-widget elementor-widget-section-head\" data-id=\"0ae8831\" data-element_type=\"widget\" data-widget_type=\"section-head.default\">\n\t\t\t\t<div class=\"elementor-widget-container\">\n\t\t\t\t\t\t        <div class=\"section-title t-section-title t-features-title text-left \" style=\"background-image: url();\">\r\n\t            \t\t        <span >NOTRE MISSION<\/span>\r\n\t\t        \t\t        <h2 >Aidez nous \u00e0 les aider<\/h2>\r\n\t\t        \t        <\/div>\r\n\r\n\t    \t\t\t\t\t<\/div>\n\t\t\t\t<\/div>\n\t\t\t\t<div class=\"elementor-element elementor-element-2563025 elementor-widget elementor-widget-heading\" data-id=\"2563025\" data-element_type=\"widget\" data-widget_type=\"heading.default\">\n\t\t\t\t\t<h4 class=\"elementor-heading-title elementor-size-default\">Nous sommes appel\u00e9s par Dieu \u00e0 \u00ab d\u00e9fendre la cause de l\u2019orphelin \u00bb (\u00c9sa\u00efe 1:17), et c'est notre raison d\u2019\u00eatre.<\/h4>\t\t\t\t<\/div>\n\t\t\t\t<div class=\"elementor-element elementor-element-7a4c04a elementor-widget elementor-widget-heading\" data-id=\"7a4c04a\" data-element_type=\"widget\" data-widget_type=\"heading.default\">\n\t\t\t\t\t<p class=\"elementor-heading-title elementor-size-default\">Guid\u00e9s par l\u2019appel de Dieu \u00e0 \u00ab d\u00e9fendre la cause de l\u2019orphelin \u00bb (\u00c9sa\u00efe 1:17), nous pla\u00e7ons la protection des plus vuln\u00e9rables au c\u0153ur de notre mission. Chaque action que nous menons vise \u00e0 redonner dignit\u00e9, espoir et avenir aux enfants priv\u00e9s de soutien, aux familles bris\u00e9es et aux communaut\u00e9s oubli\u00e9es. Par l\u2019aide concr\u00e8te, l\u2019accompagnement durable et l\u2019engagement sur le terrain, nous \u0153uvrons pour que l\u2019amour, la justice et la compassion ne soient pas seulement des valeurs proclam\u00e9es, mais une r\u00e9alit\u00e9 v\u00e9cue chaque jour.<\/p>\t\t\t\t<\/div>\n\t\t\t\t<section class=\"elementor-section elementor-inner-section elementor-element elementor-element-037e078 elementor-section-boxed elementor-section-height-default elementor-section-height-default\" data-id=\"037e078\" data-element_type=\"section\">\n\t\t\t\t\t\t<div class=\"elementor-container elementor-column-gap-default\">\n\t\t\t\t\t<div class=\"elementor-column elementor-col-33 elementor-inner-column elementor-element elementor-element-84e2d4d\" data-id=\"84e2d4d\" data-element_type=\"column\" data-settings=\"{&quot;background_background&quot;:&quot;classic&quot;}\">\n\t\t\t<div class=\"elementor-widget-wrap elementor-element-populated\">\n\t\t\t\t\t\t<div class=\"elementor-element elementor-element-d965fd9 elementor-widget elementor-widget-single-counter\" data-id=\"d965fd9\" data-element_type=\"widget\" data-widget_type=\"single-counter.default\">\n\t\t\t\t<div class=\"elementor-widget-container\">\n\t\t\t\t\t\t        <div class=\"single-counter  text-center\">\r\n\t            \t                <div class=\"counter-icon\">\r\n\t                    \t                        <i class=\"ifs-icon far fa-gift\"><\/i>\r\n\t                    \t                <\/div>\r\n\t            \t            <div class=\"counter-content\">\r\n\t                \t                    <h2>\r\n\t                        <span  class=\"count\">\r\n\t                            3000\t                        <\/span>+\t                    <\/h2>\r\n\t                \t                \t                    <p >\r\n\t                        Dons\t                    <\/p>\r\n\t                \t            <\/div>\r\n\t        <\/div>\r\n\t    \t\t\t\t<\/div>\n\t\t\t\t<\/div>\n\t\t\t\t\t<\/div>\n\t\t<\/div>\n\t\t\t\t<div class=\"elementor-column elementor-col-33 elementor-inner-column elementor-element elementor-element-305af04\" data-id=\"305af04\" data-element_type=\"column\" data-settings=\"{&quot;background_background&quot;:&quot;classic&quot;}\">\n\t\t\t<div class=\"elementor-widget-wrap elementor-element-populated\">\n\t\t\t\t\t\t<div class=\"elementor-element elementor-element-74df45b elementor-widget elementor-widget-single-counter\" data-id=\"74df45b\" data-element_type=\"widget\" data-widget_type=\"single-counter.default\">\n\t\t\t\t<div class=\"elementor-widget-container\">\n\t\t\t\t\t\t        <div class=\"single-counter  text-center\">\r\n\t            \t                <div class=\"counter-icon\">\r\n\t                    \t                        <i class=\"ifs-icon fas fa-users\"><\/i>\r\n\t                    \t                <\/div>\r\n\t            \t            <div class=\"counter-content\">\r\n\t                \t                    <h2>\r\n\t                        <span  class=\"count\">\r\n\t                            10\t                        <\/span>+\t                    <\/h2>\r\n\t                \t                \t                    <p >\r\n\t                        B\u00e9n\u00e9voles\t                    <\/p>\r\n\t                \t            <\/div>\r\n\t        <\/div>\r\n\t    \t\t\t\t<\/div>\n\t\t\t\t<\/div>\n\t\t\t\t\t<\/div>\n\t\t<\/div>\n\t\t\t\t<div class=\"elementor-column elementor-col-33 elementor-inner-column elementor-element elementor-element-185f382\" data-id=\"185f382\" data-element_type=\"column\" data-settings=\"{&quot;background_background&quot;:&quot;classic&quot;}\">\n\t\t\t<div class=\"elementor-widget-wrap elementor-element-populated\">\n\t\t\t\t\t\t<div class=\"elementor-element elementor-element-8a1d9fe elementor-widget elementor-widget-single-counter\" data-id=\"8a1d9fe\" data-element_type=\"widget\" data-widget_type=\"single-counter.default\">\n\t\t\t\t<div class=\"elementor-widget-container\">\n\t\t\t\t\t\t        <div class=\"single-counter  text-center\">\r\n\t            \t                <div class=\"counter-icon\">\r\n\t                    \t                        <i class=\"ifs-icon fal fa-globe\"><\/i>\r\n\t                    \t                <\/div>\r\n\t            \t            <div class=\"counter-content\">\r\n\t                \t                    <h2>\r\n\t                        <span  class=\"count\">\r\n\t                            20\t                        <\/span>+\t                    <\/h2>\r\n\t                \t                \t                    <p >\r\n\t                        Centres visit\u00e9s\t                    <\/p>\r\n\t                \t            <\/div>\r\n\t        <\/div>\r\n\t    \t\t\t\t<\/div>\n\t\t\t\t<\/div>\n\t\t\t\t\t<\/div>\n\t\t<\/div>\n\t\t\t\t\t<\/div>\n\t\t<\/section>\n\t\t\t\t\t<\/div>\n\t\t<\/div>\n\t\t\t\t\t<\/div>\n\t\t<\/section>\n\t\t\t\t<section class=\"elementor-section elementor-top-section elementor-element elementor-element-c91e1ec elementor-section-boxed elementor-section-height-default elementor-section-height-default\" data-id=\"c91e1ec\" data-element_type=\"section\">\n\t\t\t\t\t\t<div class=\"elementor-container elementor-column-gap-default\">\n\t\t\t\t\t<div class=\"elementor-column elementor-col-100 elementor-top-column elementor-element elementor-element-88091d1\" data-id=\"88091d1\" data-element_type=\"column\">\n\t\t\t<div class=\"elementor-widget-wrap elementor-element-populated\">\n\t\t\t\t\t\t<section class=\"elementor-section elementor-inner-section elementor-element elementor-element-c7bf8b0 elementor-section-boxed elementor-section-height-default elementor-section-height-default\" data-id=\"c7bf8b0\" data-element_type=\"section\">\n\t\t\t\t\t\t<div class=\"elementor-container elementor-column-gap-default\">\n\t\t\t\t\t<div class=\"elementor-column elementor-col-33 elementor-inner-column elementor-element elementor-element-a447c95\" data-id=\"a447c95\" data-element_type=\"column\">\n\t\t\t<div class=\"elementor-widget-wrap\">\n\t\t\t\t\t\t\t<\/div>\n\t\t<\/div>\n\t\t\t\t<div class=\"elementor-column elementor-col-33 elementor-inner-column elementor-element elementor-element-5501d16\" data-id=\"5501d16\" data-element_type=\"column\">\n\t\t\t<div class=\"elementor-widget-wrap elementor-element-populated\">\n\t\t\t\t\t\t<div class=\"elementor-element elementor-element-ae3316a elementor-widget elementor-widget-section-head\" data-id=\"ae3316a\" data-element_type=\"widget\" data-widget_type=\"section-head.default\">\n\t\t\t\t<div class=\"elementor-widget-container\">\n\t\t\t\t\t\t\t\t<div class=\"section-title text-center\">\r\n\t\t\t\t\t\t        <h2 class=\"wow fadeInUp\" data-wow-delay=\"0.2s\">Ce que nous faisons<\/h2>\r\n\t\t        \t\t    \t<p class=\"wow fadeInUp\" data-wow-delay=\"0.2s\">Nous agissons concr\u00e8tement pour prot\u00e9ger, accompagner et restaurer la vie des personnes les plus vuln\u00e9rables.<\/p>\r\n\t\t    \t\t\t\t<\/div>\r\n\t\t\t\t\t\t\t<\/div>\n\t\t\t\t<\/div>\n\t\t\t\t\t<\/div>\n\t\t<\/div>\n\t\t\t\t<div class=\"elementor-column elementor-col-33 elementor-inner-column elementor-element elementor-element-4a205a5\" data-id=\"4a205a5\" data-element_type=\"column\">\n\t\t\t<div class=\"elementor-widget-wrap\">\n\t\t\t\t\t\t\t<\/div>\n\t\t<\/div>\n\t\t\t\t\t<\/div>\n\t\t<\/section>\n\t\t\t\t<div class=\"elementor-element elementor-element-f2d0b15 elementor-widget elementor-widget-section-service\" data-id=\"f2d0b15\" data-element_type=\"widget\" data-widget_type=\"section-service.default\">\n\t\t\t\t<div class=\"elementor-widget-container\">\n\t\t\t\t\t\n\t\t\t<div class=\"row  features-wrapper\">\n\t\t\t\t\t\t\t    <div class=\"col-lg-4 col-md-6 wow \" >\n\t\t\t    \t\t\t\t\t        <div class=\"single-features s-single-features  text-left mantis-color\">\n\t\t\t                <div class=\"s-features-head mb-30\">\n\t\t\t                \t\t\t\t                    <div class=\"s-features-icon\">\n\t\t\t                        \t\t\t\t\t                <img decoding=\"async\" src=\"https:\/\/fondationdorcasdeborah.org\/wp-content\/uploads\/2019\/11\/s_features_icon02.png\" alt=\"icon\">\n\t\t\t\t\t            \t\t\t\t                    <\/div>\n\t\t\t                    \t\t\t                    <h3>Accompagnement personnalis\u00e9<\/h3>\n\t\t\t                <\/div>\n\t\t\t                <div class=\"features-content\">\n\t                            \t                                <p>Au c\u0153ur de notre action se trouve une conviction forte : aucune situation ne se ressemble et aucune r\u00e9ponse ne<\/p>\n\t                            \t\t\t                    <a href=\"https:\/\/fondationdorcasdeborah.org\/index.php\/service\/accompagnement-personnalise\/\">Read More<\/a>\n\t\t\t               \t<\/div>\n\t\t\t            <\/div>\n\t\t\t        \t\t\t    <\/div>\n\t\t\t\t\t\t\t    <div class=\"col-lg-4 col-md-6 wow \" >\n\t\t\t    \t\t\t\t\t        <div class=\"single-features s-single-features  text-left watermelon-color\">\n\t\t\t                <div class=\"s-features-head mb-30\">\n\t\t\t                \t\t\t\t                    <div class=\"s-features-icon\">\n\t\t\t                        \t\t\t\t\t                <img decoding=\"async\" src=\"https:\/\/fondationdorcasdeborah.org\/wp-content\/uploads\/2019\/11\/s_features_icon01.png\" alt=\"icon\">\n\t\t\t\t\t            \t\t\t\t                    <\/div>\n\t\t\t                    \t\t\t                    <h3>Assistance aux prisonniers<\/h3>\n\t\t\t                <\/div>\n\t\t\t                <div class=\"features-content\">\n\t                            \t                                <p>L\u2019assistance aux prisonniers est une action profond\u00e9ment humaine qui reconna\u00eet la dignit\u00e9 de chaque personne, quelles que soient sa situation<\/p>\n\t                            \t\t\t                    <a href=\"https:\/\/fondationdorcasdeborah.org\/index.php\/service\/assistance-prisonniers\/\">Read More<\/a>\n\t\t\t               \t<\/div>\n\t\t\t            <\/div>\n\t\t\t        \t\t\t    <\/div>\n\t\t\t\t\t\t\t    <div class=\"col-lg-4 col-md-6 wow \" >\n\t\t\t    \t\t\t\t\t        <div class=\"single-features s-single-features  text-left \">\n\t\t\t                <div class=\"s-features-head mb-30\">\n\t\t\t                \t\t\t\t                    <div class=\"s-features-icon\">\n\t\t\t                        \t\t\t\t\t                <img decoding=\"async\" src=\"https:\/\/fondationdorcasdeborah.org\/wp-content\/uploads\/2019\/11\/s_features_icon03.png\" alt=\"icon\">\n\t\t\t\t\t            \t\t\t\t                    <\/div>\n\t\t\t                    \t\t\t                    <h3>Distribution de vivres<\/h3>\n\t\t\t                <\/div>\n\t\t\t                <div class=\"features-content\">\n\t                            \t                                <p>La distribution de vivres est une r\u00e9ponse vitale face \u00e0 l\u2019ins\u00e9curit\u00e9 alimentaire qui touche de nombreuses familles et communaut\u00e9s vuln\u00e9rables.<\/p>\n\t                            \t\t\t                    <a href=\"https:\/\/fondationdorcasdeborah.org\/index.php\/service\/distribution-vivres\/\">Read More<\/a>\n\t\t\t               \t<\/div>\n\t\t\t            <\/div>\n\t\t\t        \t\t\t    <\/div>\n\t\t\t\t\t\t\t<\/div>\n\n\t\t\t\t\t\t<\/div>\n\t\t\t\t<\/div>\n\t\t\t\t\t<\/div>\n\t\t<\/div>\n\t\t\t\t\t<\/div>\n\t\t<\/section>\n\t\t\t\t<\/div>\n\t\t","protected":false},"excerpt":{"rendered":"<p>ACTIVE DEPUIS + 10 ANS Pr\u00e9sentation de la fondation La fondation Dorcas Deborah (FDD) est une association de bienfaisance fond\u00e9e par Mademoiselle TAHO \u00c9lise en 2018. Elle est enregistr\u00e9e sous le num\u00e9ro 0773\/PA\/SG\/D2 en R\u00e9publique de C\u00f4te d&rsquo;Ivoire. La fondation a pour objet : &#8211; La lutte contre la pauvret\u00e9, &#8211; Am\u00e9lioration du cadre de [&hellip;]<\/p>\n","protected":false},"author":1,"featured_media":0,"parent":0,"menu_order":0,"comment_status":"closed","ping_status":"closed","template":"page-template\/blank-page-sidebar.php","meta":{"_acf_changed":false,"give_campaign_id":0,"footnotes":""},"class_list":["post-797","page","type-page","status-publish","hentry"],"acf":[],"campaignId":"","_links":{"self":[{"href":"https:\/\/fondationdorcasdeborah.org\/index.php\/wp-json\/wp\/v2\/pages\/797","targetHints":{"allow":["GET"]}}],"collection":[{"href":"https:\/\/fondationdorcasdeborah.org\/index.php\/wp-json\/wp\/v2\/pages"}],"about":[{"href":"https:\/\/fondationdorcasdeborah.org\/index.php\/wp-json\/wp\/v2\/types\/page"}],"author":[{"embeddable":true,"href":"https:\/\/fondationdorcasdeborah.org\/index.php\/wp-json\/wp\/v2\/users\/1"}],"replies":[{"embeddable":true,"href":"https:\/\/fondationdorcasdeborah.org\/index.php\/wp-json\/wp\/v2\/comments?post=797"}],"version-history":[{"count":41,"href":"https:\/\/fondationdorcasdeborah.org\/index.php\/wp-json\/wp\/v2\/pages\/797\/revisions"}],"predecessor-version":[{"id":3103,"href":"https:\/\/fondationdorcasdeborah.org\/index.php\/wp-json\/wp\/v2\/pages\/797\/revisions\/3103"}],"wp:attachment":[{"href":"https:\/\/fondationdorcasdeborah.org\/index.php\/wp-json\/wp\/v2\/media?parent=797"}],"curies":[{"name":"wp","href":"https:\/\/api.w.org\/{rel}","templated":true}]}}