{"id":2365,"date":"2021-02-22T14:20:07","date_gmt":"2021-02-22T14:20:07","guid":{"rendered":"http:\/\/pluginspoint.com\/chariton\/?page_id=2365"},"modified":"2025-12-17T01:14:15","modified_gmt":"2025-12-17T00:14:15","slug":"nos-causes","status":"publish","type":"page","link":"https:\/\/fondationdorcasdeborah.org\/index.php\/nos-causes\/","title":{"rendered":"Nos causes"},"content":{"rendered":"\t\t<div data-elementor-type=\"wp-page\" data-elementor-id=\"2365\" class=\"elementor elementor-2365\" data-elementor-post-type=\"page\">\n\t\t\t\t\t\t<section class=\"elementor-section elementor-top-section elementor-element elementor-element-3962981 elementor-section-boxed elementor-section-height-default elementor-section-height-default\" data-id=\"3962981\" data-element_type=\"section\">\n\t\t\t\t\t\t<div class=\"elementor-container elementor-column-gap-default\">\n\t\t\t\t\t<div class=\"elementor-column elementor-col-100 elementor-top-column elementor-element elementor-element-0379c02\" data-id=\"0379c02\" data-element_type=\"column\">\n\t\t\t<div class=\"elementor-widget-wrap elementor-element-populated\">\n\t\t\t\t\t\t<div class=\"elementor-element elementor-element-8143e77 elementor-widget elementor-widget-section-service\" data-id=\"8143e77\" data-element_type=\"widget\" data-widget_type=\"section-service.default\">\n\t\t\t\t<div class=\"elementor-widget-container\">\n\t\t\t\t\t\n\t\t\t<div class=\"row  features-wrapper\">\n\t\t\t\t\t\t\t    <div class=\"col-lg-4 col-md-6 wow \" >\n\t\t\t    \t\t\t\t\t        <div class=\"single-features  text-center \">\n\t\t\t\t        \t\t\t\t\t            <div class=\"features-icon mb-45\">\n\t\t\t\t            \t\t\t\t\t                <img decoding=\"async\" src=\"https:\/\/fondationdorcasdeborah.org\/wp-content\/uploads\/2019\/11\/s_features_icon03.png\" alt=\"icon\">\n\t\t\t\t            \t\t\t\t\t            <\/div>\n\t\t\t\t            \t\t\t\t            <div class=\"features-content\">\n\t\t\t\t                <h2>Distribution de vivres<\/h2>\n\t                            \t                                <p>La distribution de vivres est une r\u00e9ponse vitale face \u00e0 l\u2019ins\u00e9curit\u00e9 alimentaire qui touche de nombreuses familles et communaut\u00e9s vuln\u00e9rables. Dans les contextes de crise, de pauvret\u00e9 extr\u00eame ou de catastrophe, l\u2019acc\u00e8s \u00e0<\/p>\n\t                            \t\t\t\t                <a href=\"https:\/\/fondationdorcasdeborah.org\/index.php\/service\/distribution-vivres\/\">Read More<\/a>\n\t\t\t\t            <\/div>\n\t\t\t\t        <\/div>\n\t\t\t        \t\t\t    <\/div>\n\t\t\t\t\t\t\t    <div class=\"col-lg-4 col-md-6 wow \" >\n\t\t\t    \t\t\t\t\t        <div class=\"single-features  text-center watermelon-color\">\n\t\t\t\t        \t\t\t\t\t            <div class=\"features-icon mb-45\">\n\t\t\t\t            \t\t\t\t\t                <img decoding=\"async\" src=\"https:\/\/fondationdorcasdeborah.org\/wp-content\/uploads\/2019\/11\/s_features_icon01.png\" alt=\"icon\">\n\t\t\t\t            \t\t\t\t\t            <\/div>\n\t\t\t\t            \t\t\t\t            <div class=\"features-content\">\n\t\t\t\t                <h2>Assistance aux prisonniers<\/h2>\n\t                            \t                                <p>L\u2019assistance aux prisonniers est une action profond\u00e9ment humaine qui reconna\u00eet la dignit\u00e9 de chaque personne, quelles que soient sa situation ou son parcours. L\u2019incarc\u00e9ration entra\u00eene souvent l\u2019isolement, la rupture des liens familiaux, la<\/p>\n\t                            \t\t\t\t                <a href=\"https:\/\/fondationdorcasdeborah.org\/index.php\/service\/assistance-prisonniers\/\">Read More<\/a>\n\t\t\t\t            <\/div>\n\t\t\t\t        <\/div>\n\t\t\t        \t\t\t    <\/div>\n\t\t\t\t\t\t\t    <div class=\"col-lg-4 col-md-6 wow \" >\n\t\t\t    \t\t\t\t\t        <div class=\"single-features  text-center mantis-color\">\n\t\t\t\t        \t\t\t\t\t            <div class=\"features-icon mb-45\">\n\t\t\t\t            \t\t\t\t\t                <img decoding=\"async\" src=\"https:\/\/fondationdorcasdeborah.org\/wp-content\/uploads\/2019\/11\/s_features_icon02.png\" alt=\"icon\">\n\t\t\t\t            \t\t\t\t\t            <\/div>\n\t\t\t\t            \t\t\t\t            <div class=\"features-content\">\n\t\t\t\t                <h2>Accompagnement personnalis\u00e9<\/h2>\n\t                            \t                                <p>Au c\u0153ur de notre action se trouve une conviction forte : aucune situation ne se ressemble et aucune r\u00e9ponse ne peut \u00eatre standardis\u00e9e. L\u2019accompagnement personnalis\u00e9 que nous proposons repose sur une approche globale,<\/p>\n\t                            \t\t\t\t                <a href=\"https:\/\/fondationdorcasdeborah.org\/index.php\/service\/accompagnement-personnalise\/\">Read More<\/a>\n\t\t\t\t            <\/div>\n\t\t\t\t        <\/div>\n\t\t\t        \t\t\t    <\/div>\n\t\t\t\t\t\t\t<\/div>\n\n\t\t\t\t\t\t<\/div>\n\t\t\t\t<\/div>\n\t\t\t\t\t<\/div>\n\t\t<\/div>\n\t\t\t\t\t<\/div>\n\t\t<\/section>\n\t\t<div class=\"elementor-element elementor-element-b6f4f07 e-flex e-con-boxed e-con e-parent\" data-id=\"b6f4f07\" data-element_type=\"container\">\n\t\t\t\t\t<div class=\"e-con-inner\">\n\t\t\t\t\t<\/div>\n\t\t\t\t<\/div>\n\t\t<div class=\"elementor-element elementor-element-fc64955 e-flex e-con-boxed e-con e-parent\" data-id=\"fc64955\" data-element_type=\"container\">\n\t\t\t\t\t<div class=\"e-con-inner\">\n\t\t\t\t<div class=\"elementor-element elementor-element-ced6f11 elementor-widget elementor-widget-section-cause\" data-id=\"ced6f11\" data-element_type=\"widget\" data-widget_type=\"section-cause.default\">\n\t\t\t\t<div class=\"elementor-widget-container\">\n\t\t\t\t\t\t\t\t\t<script>\n\t\t\tjQuery(window).on('load', function () {\n\t\t\t    jQuery('.causes-isotope').imagesLoaded( function() {\n\t\t\t        \/\/ portfolio - active\n\t\t\t        var $grid = jQuery('.causes-isotope-69e20d4ef1fdb').isotope({\n\t\t\t            itemSelector: '.grid-item',\n\t\t\t            layoutMode: 'fitRows',\n\t\t\t            percentPosition: true,\n\t\t\t        })\n\t\t\t        \/\/ filter items on button click\n\t\t\t        jQuery('.causes-menu-69e20d4ef1fdb').on('click', 'button', function () {\n\t\t\t            var filterValue = jQuery(this).attr('data-filter');\n\t\t\t            $grid.isotope({ filter: filterValue });\n\t\t\t        });\n\t\t\t        \/\/for menu active class\n\t\t\t        jQuery('.causes-menu-69e20d4ef1fdb button').on('click', function (event) {\n\t\t\t            jQuery(this).siblings('.active').removeClass('active');\n\t\t\t            jQuery(this).addClass('active');\n\t\t\t            event.preventDefault();\n\t\t\t        });\n\t\t\t    });\n\t\t\t});\n\t\t<\/script>\n\n\t\t<div class=\"row\">\n\t\t    <div class=\"col-lg-12 text-center\">\n\t\t        <div class=\"causes-menus causes-menu-69e20d4ef1fdb mb-50\">\n\t\t            \t\t\t\t      \t<button class=\"active\" data-filter=\"*\">All Categories<\/button>\n\t\t\t            <button class=\"button\" data-filter=\".education\">Education<\/button><button class=\"button\" data-filter=\".food\">Food<\/button><button class=\"button\" data-filter=\".homeless\">Homeless<\/button><button class=\"button\" data-filter=\".medical\">Medical<\/button><button class=\"button\" data-filter=\".water\">Water<\/button>\t\t            \t\t        <\/div>\n\t\t    <\/div>\n\t\t<\/div>\n\t\t\n\t\t<div class=\"row causes-isotope-69e20d4ef1fdb\">\n\t\t\t\t\t    <div class=\"col-lg-4 col-md-6 grid-item education\">\n\t\t        <div class=\"single-causes \">\n\t\t        \t\t\t            <div class=\"causes-thumb\">\n\t\t                <a href=\"https:\/\/fondationdorcasdeborah.org\/index.php\/cause\/build-schools-for-poor-children-education\/\"><img fetchpriority=\"high\" decoding=\"async\" width=\"770\" height=\"520\" src=\"https:\/\/fondationdorcasdeborah.org\/wp-content\/uploads\/2024\/11\/gallery-two-07.jpg\" class=\"attachment-post-thumbnail size-post-thumbnail wp-post-image\" alt=\"\" srcset=\"https:\/\/fondationdorcasdeborah.org\/wp-content\/uploads\/2024\/11\/gallery-two-07.jpg 770w, https:\/\/fondationdorcasdeborah.org\/wp-content\/uploads\/2024\/11\/gallery-two-07-600x405.jpg 600w, https:\/\/fondationdorcasdeborah.org\/wp-content\/uploads\/2024\/11\/gallery-two-07-300x203.jpg 300w, https:\/\/fondationdorcasdeborah.org\/wp-content\/uploads\/2024\/11\/gallery-two-07-768x519.jpg 768w\" sizes=\"(max-width: 770px) 100vw, 770px\" \/><\/a>\n\t\t            <\/div>\n\t\t            \t\t            <div class=\"causes-content\">\n\t\t                <ul class=\"cause-categories\"><li><a href=\"https:\/\/fondationdorcasdeborah.org\/index.php\/cause_category\/education\/\">Education<\/a><\/li><\/ul>\t\t                <h3><a href=\"https:\/\/fondationdorcasdeborah.org\/index.php\/cause\/build-schools-for-poor-children-education\/\">Build schools for poor children education.<\/a><\/h3>\n\t\t            <\/div>\n\t\t            \t\t            <div class=\"causes-meta\">\n\t\t                <ul class=\"d-flex justify-content-between\">\n\t\t\t                <li><b>Objectif<\/b>$3000.00<\/li><li><b>Montant collect\u00e9<\/b>$<span class=\"count\">2200.00<\/span><\/li><li><b>Montant restant<\/b><span data-countdown=\"2021\/05\/01\"><\/span><\/li>\t\t                <\/ul>\n\t\t            <\/div>\n\t\t        \t\t\t        <\/div>\n\t\t    <\/div>\n\t\t    \t\t<\/div>\n\n\t\t\t\t\t\t\t\t<\/div>\n\t\t\t\t<\/div>\n\t\t\t\t\t<\/div>\n\t\t\t\t<\/div>\n\t\t\t\t<\/div>\n\t\t","protected":false},"excerpt":{"rendered":"<p>Accompagnement personnalis\u00e9 Our primary goal is developing a secure and safe world for poor peoples in the world that meets the needs of humanities. Therefore, our customers are able to create websites using our templates Read More Assistance aux prisonniers Our primary goal is developing a secure and safe world for poor peoples in the [&hellip;]<\/p>\n","protected":false},"author":1,"featured_media":0,"parent":0,"menu_order":0,"comment_status":"closed","ping_status":"closed","template":"page-template\/blank-page-sidebar.php","meta":{"_acf_changed":false,"give_campaign_id":0,"footnotes":""},"class_list":["post-2365","page","type-page","status-publish","hentry"],"acf":[],"campaignId":"","_links":{"self":[{"href":"https:\/\/fondationdorcasdeborah.org\/index.php\/wp-json\/wp\/v2\/pages\/2365","targetHints":{"allow":["GET"]}}],"collection":[{"href":"https:\/\/fondationdorcasdeborah.org\/index.php\/wp-json\/wp\/v2\/pages"}],"about":[{"href":"https:\/\/fondationdorcasdeborah.org\/index.php\/wp-json\/wp\/v2\/types\/page"}],"author":[{"embeddable":true,"href":"https:\/\/fondationdorcasdeborah.org\/index.php\/wp-json\/wp\/v2\/users\/1"}],"replies":[{"embeddable":true,"href":"https:\/\/fondationdorcasdeborah.org\/index.php\/wp-json\/wp\/v2\/comments?post=2365"}],"version-history":[{"count":5,"href":"https:\/\/fondationdorcasdeborah.org\/index.php\/wp-json\/wp\/v2\/pages\/2365\/revisions"}],"predecessor-version":[{"id":3085,"href":"https:\/\/fondationdorcasdeborah.org\/index.php\/wp-json\/wp\/v2\/pages\/2365\/revisions\/3085"}],"wp:attachment":[{"href":"https:\/\/fondationdorcasdeborah.org\/index.php\/wp-json\/wp\/v2\/media?parent=2365"}],"curies":[{"name":"wp","href":"https:\/\/api.w.org\/{rel}","templated":true}]}}